{"id":545,"date":"2023-09-20T09:26:57","date_gmt":"2023-09-20T07:26:57","guid":{"rendered":"https:\/\/lafrenchstroop.fr\/?page_id=545"},"modified":"2023-09-20T09:47:02","modified_gmt":"2023-09-20T07:47:02","slug":"conditions-generales-dutilisation","status":"publish","type":"page","link":"https:\/\/lafrenchstroop.fr\/index.php\/conditions-generales-dutilisation\/","title":{"rendered":"Conditions generales d\u2019utilisation"},"content":{"rendered":"\t\t<div data-elementor-type=\"wp-page\" data-elementor-id=\"545\" class=\"elementor elementor-545\">\n\t\t\t\t\t\t\t\t\t<section class=\"elementor-section elementor-top-section elementor-element elementor-element-b0d1ffc elementor-section-boxed elementor-section-height-default elementor-section-height-default\" data-id=\"b0d1ffc\" data-element_type=\"section\" data-settings=\"{&quot;background_background&quot;:&quot;classic&quot;}\">\n\t\t\t\t\t\t<div class=\"elementor-container elementor-column-gap-default\">\n\t\t\t\t\t<div class=\"elementor-column elementor-col-100 elementor-top-column elementor-element elementor-element-fe1285b\" data-id=\"fe1285b\" data-element_type=\"column\">\n\t\t\t<div class=\"elementor-widget-wrap elementor-element-populated\">\n\t\t\t\t\t\t\t\t<div class=\"elementor-element elementor-element-35bf7cf elementor-widget elementor-widget-text-editor\" data-id=\"35bf7cf\" data-element_type=\"widget\" data-widget_type=\"text-editor.default\">\n\t\t\t\t<div class=\"elementor-widget-container\">\n\t\t\t<style>\/*! elementor - v3.13.2 - 11-05-2023 *\/\n.elementor-widget-text-editor.elementor-drop-cap-view-stacked .elementor-drop-cap{background-color:#69727d;color:#fff}.elementor-widget-text-editor.elementor-drop-cap-view-framed .elementor-drop-cap{color:#69727d;border:3px solid;background-color:transparent}.elementor-widget-text-editor:not(.elementor-drop-cap-view-default) .elementor-drop-cap{margin-top:8px}.elementor-widget-text-editor:not(.elementor-drop-cap-view-default) .elementor-drop-cap-letter{width:1em;height:1em}.elementor-widget-text-editor .elementor-drop-cap{float:left;text-align:center;line-height:1;font-size:50px}.elementor-widget-text-editor .elementor-drop-cap-letter{display:inline-block}<\/style>\t\t\t\t<p><!-- wp:heading --><\/p><h2>CGU des Stroops<\/h2><p><!-- \/wp:heading --><\/p><p>Conditions G\u00e9n\u00e9rales d&rsquo;utilisation\u00a0<strong>www.lafrenchstroop.fr<\/strong><\/p><p><strong>\u00a0<\/strong><\/p><h5><strong>Article 1 : Objet<\/strong><\/h5><p>Les pr\u00e9sentes CGU ou Conditions G\u00e9n\u00e9rales d\u2019Utilisation encadrent juridiquement l\u2019utilisation des services du site <b>www.lafrenchstroop.fr<\/b> <i>(ci-apr\u00e8s d\u00e9nomm\u00e9 \u00ab le site \u00bb)<\/i>.<br \/>Constituant le contrat entre la soci\u00e9t\u00e9 <b>LA FRENCH STROOP<\/b>, l\u2019Utilisateur, l\u2019acc\u00e8s au site doit \u00eatre pr\u00e9c\u00e9d\u00e9 de l\u2019acceptation de ces CGU. L\u2019acc\u00e8s \u00e0 cette plateforme signifie l\u2019acceptation des pr\u00e9sentes CGU.<\/p><p>\u00a0<\/p><h5><b>Article 2 : Mentions L\u00e9gales<\/b><\/h5><p>L\u2019\u00e9dition du site <b>www.lafrenchstroop.fr<\/b> est assur\u00e9e par la soci\u00e9t\u00e9 <b>LA FRENCH STROOP<\/b> inscrite au RCS sous le num\u00e9ro 948 88 540, dont le si\u00e8ge social est localis\u00e9 au 7 Rue du Docteur Schweitzer 94260 Fresnes, France M\u00e9tropolitaine.<br \/>L\u2019h\u00e9bergeur du site lafrechstroop.fr est la soci\u00e9t\u00e9 Mister Cr\u00e9a SAS<\/p><p>RCS Creteil B 884 266 495<\/p><p>27 rue Coust\u00e9<br \/>94230 Cachan, France<\/p><p>contact@mistercrea.com<\/p><p style=\"font-size: 16px;\"><span style=\"font-weight: bolder;\"><a href=\"https:\/\/mistercrea.com\/\">mistercrea.com<\/a><\/span><\/p><p style=\"font-size: 16px;\">\u00a0<\/p><h5><b>Article 3 : Acc\u00e8s au site<\/b><\/h5><p>Le site lafrenchstroop.fr permet d\u2019acc\u00e9der gratuitement aux services suivants :<\/p><p>\u2022 <b>Vente de biscuits.<\/b><\/p><p>Le site est accessible gratuitement depuis n\u2019importe o\u00f9 par tout utilisateur disposant d\u2019un acc\u00e8s \u00e0 Internet. Tous les frais n\u00e9cessaires pour l\u2019acc\u00e8s aux services (mat\u00e9riel informatique, connexion Internet\u2026) sont \u00e0 la charge de l\u2019utilisateur.<\/p><p>L\u2019acc\u00e8s aux services d\u00e9di\u00e9s aux membres s\u2019effectue \u00e0 l\u2019aide d\u2019un identifiant et d\u2019un mot de passe.<\/p><p>Pour des raisons de maintenance ou autres, l\u2019acc\u00e8s au site peut \u00eatre interrompu ou suspendu par l\u2019\u00e9diteur sans pr\u00e9avis ni justification.<\/p><p>\u00a0<\/p><p><b style=\"font-family: inherit; font-size: 1.25rem;\">Article 4 : Collecte des donn\u00e9es<\/b><span style=\"color: var( --e-global-color-text ); background-color: var( --e-global-color-primary );\">\u00a0<\/span><\/p><p>La collecte des donn\u00e9es est n\u00e9cessaire afin d\u2019ex\u00e9cuter le contrat conclu lorsque vous passez une commande sur notre site.<\/p><p>Pour la cr\u00e9ation du compte de l\u2019Utilisateur, la collecte des informations au moment de l\u2019inscription sur le site est n\u00e9cessaire et obligatoire. Conform\u00e9ment \u00e0 la loi n\u00b078-17 du 6 janvier relative \u00e0 l\u2019informatique, aux fichiers et aux libert\u00e9s, la collecte et le traitement d\u2019informations personnelles s\u2019effectuent dans le respect de la vie priv\u00e9e.<\/p><p>Suivant la loi Informatique et Libert\u00e9s en date du 6 janvier 1978, articles 39 et 40, l\u2019Utilisateur dispose du droit d\u2019acc\u00e9der, de rectifier, de supprimer et d\u2019opposer ses donn\u00e9es personnelles. L\u2019exercice de ce droit s\u2019effectue par :<br \/>\u2022 Le formulaire de contact<br \/>\u2022 Son espace client.<\/p><p><b>DUR\u00c9E DE CONSERVATION DES DONN\u00c9ES \u00c0 CARACT\u00c8RE PERSONNEL<\/b><\/p><p>Les donn\u00e9es sont conserv\u00e9es pendant toute la dur\u00e9e de l\u2019utilisation de nos Services, et pour une dur\u00e9e de :<\/p><p>\u2022 Trois (3) ans \u00e0 compter de votre d\u00e9sinscription \u00e0 la newsletter pour ce qui concerne l\u2019utilisation des donn\u00e9es \u00e0 des fins de prospection. Au terme de ce d\u00e9lai de trois (3) ans, nous pourrons reprendre contact avec vous pour savoir si vous souhaitez continuer \u00e0 recevoir des sollicitations commerciales.<\/p><p>\u2022 Trois (3) ans minimum \u00e0 compter de l\u2019exercice du droit d\u2019opposition concernant les informations permettant de prendre en compte votre droit.<\/p><p>\u2022 Cinq (5) ans \u00e0 compter de votre derni\u00e8re commande pour ce qui concerne le respect des obligations l\u00e9gales et r\u00e9glementaires, ainsi que pour permettre d\u2019\u00e9tablir la preuve d\u2019un droit ou d\u2019un contrat.<\/p><p>\u2022 Treize (13) mois concernant les cookies .<\/p><p>\u00a0<\/p><p><b style=\"font-family: inherit; font-size: 1.25rem;\">Article 5 : Propri\u00e9t\u00e9 intellectuelle<\/b><\/p><p><span style=\"color: var( --e-global-color-text ); background-color: var( --e-global-color-primary );\">Les marques, logos ainsi que les contenus du site lafrenchstroop.fr (illustrations graphiques, textes\u2026) sont prot\u00e9g\u00e9s par le Code de la propri\u00e9t\u00e9 intellectuelle et par le droit d\u2019auteur.<\/span><\/p><p>La reproduction et la copie des contenus par l\u2019Utilisateur requi\u00e8rent une autorisation pr\u00e9alable du site. Dans ce cas, toute utilisation \u00e0 des usages commerciaux ou \u00e0 des fins publicitaires est proscrite.<\/p><p>\u00a0<\/p><p><b style=\"font-family: inherit; font-size: 1.25rem;\">Article 6 : Responsabilit\u00e9<\/b><\/p><p>Bien que les informations publi\u00e9es sur le site soient r\u00e9put\u00e9es fiables, le site se r\u00e9serve la facult\u00e9 d\u2019une non-garantie de la fiabilit\u00e9 des sources.<\/p><p>Les informations diffus\u00e9es sur le site lafrenchstroop.fr sont pr\u00e9sent\u00e9es \u00e0 titre purement informatif et sont sans valeur contractuelle. En d\u00e9pit des mises \u00e0 jour r\u00e9guli\u00e8res, la responsabilit\u00e9 du site ne peut \u00eatre engag\u00e9e en cas de modification des dispositions administratives et juridiques apparaissant apr\u00e8s la publication. Il en est de m\u00eame pour l\u2019utilisation et l\u2019interpr\u00e9tation des informations communiqu\u00e9es sur la plateforme.<\/p><p>Le site d\u00e9cline toute responsabilit\u00e9 concernant les \u00e9ventuels virus pouvant infecter le mat\u00e9riel informatique de l\u2019Utilisateur apr\u00e8s l\u2019utilisation ou l\u2019acc\u00e8s \u00e0 ce site.<\/p><p>Le site ne peut \u00eatre tenu pour responsable en cas de force majeure ou du fait impr\u00e9visible et insurmontable d\u2019un tiers.<\/p><p>La garantie totale de la s\u00e9curit\u00e9 et la confidentialit\u00e9 des donn\u00e9es n\u2019est pas assur\u00e9e par le site. Cependant, le site s\u2019engage \u00e0 mettre en \u0153uvre toutes les m\u00e9thodes requises pour le faire au mieux.<\/p><p>\u00a0<\/p><p><b style=\"font-family: inherit; font-size: 1.25rem;\">Article 7 : Liens hypertextes<\/b><\/p><p>Le site peut \u00eatre constitu\u00e9 de liens hypertextes. En cliquant sur ces derniers, l\u2019Utilisateur sortira de la plateforme. Cette derni\u00e8re n\u2019a pas de contr\u00f4le et ne peut pas \u00eatre tenue responsable du contenu des pages web relatives \u00e0 ces liens.<\/p><p>\u00a0<\/p><p><b style=\"font-family: inherit; font-size: 1.25rem;\">Article 8 : Cookies<\/b><\/p><p>Lors des visites sur le site, l\u2019installation automatique d\u2019un cookie sur le logiciel de navigation de l\u2019Utilisateur peut survenir.<\/p><p>Les cookies correspondent \u00e0 de petits fichiers d\u00e9pos\u00e9s temporairement sur le disque dur de l\u2019ordinateur de l\u2019Utilisateur. Ces cookies sont n\u00e9cessaires pour assurer l\u2019accessibilit\u00e9 et la navigation sur le site. Ces fichiers ne comportent pas d\u2019informations personnelles et ne peuvent pas \u00eatre utilis\u00e9s pour l\u2019identification d\u2019une personne.<\/p><p>L\u2019information pr\u00e9sente dans les cookies est utilis\u00e9e pour am\u00e9liorer les performances de navigation sur le site lafrenchstroop.fr.<\/p><p>En naviguant sur le site, l\u2019Utilisateur accepte les cookies. Leur d\u00e9sactivation peut s\u2019effectuer via les param\u00e8tres du logiciel de navigation.<\/p><p>\u00a0<\/p><p><b style=\"font-family: inherit; font-size: 1.25rem;\">Article 9 : Publication de l&rsquo;Utilisateur<\/b><\/p><p>Le site <b>LAFRENCHSTROOP<\/b> permet aux membres de publier des commentaires.<\/p><p>Dans ses publications, le membre est tenu de respecter les r\u00e8gles de la Netiquette ainsi que les r\u00e8gles de droit en vigueur.<\/p><p>Le site dispose du droit d\u2019exercer une mod\u00e9ration \u00e0 priori sur les publications et peut refuser leur mise en ligne sans avoir \u00e0 fournir de justification.<\/p><p>Le membre garde l\u2019int\u00e9gralit\u00e9 de ses droits de propri\u00e9t\u00e9 intellectuelle. Toutefois, toute publication sur le site implique la d\u00e9l\u00e9gation du droit non exclusif et gratuit \u00e0 la soci\u00e9t\u00e9 \u00e9ditrice de repr\u00e9senter, reproduire, modifier, adapter, distribuer et diffuser la publication n\u2019importe o\u00f9 et sur n\u2019importe quel support pour la dur\u00e9e de la propri\u00e9t\u00e9 intellectuelle. Cela peut se faire directement ou par l\u2019interm\u00e9diaire d\u2019un tiers autoris\u00e9. Cela concerne notamment le droit d\u2019utilisation de la publication sur le web et sur les r\u00e9seaux de t\u00e9l\u00e9phonie mobile.<\/p><p>\u00c0 chaque utilisation, l\u2019\u00e9diteur s\u2019engage \u00e0 mentionner le nom du membre \u00e0 proximit\u00e9 de la publication.<\/p><p>L\u2019Utilisateur est tenu responsable de tout contenu qu\u2019il met en ligne. L\u2019Utilisateur s\u2019engage \u00e0 ne pas publier de contenus susceptibles de porter atteinte aux int\u00e9r\u00eats de tierces personnes. Toutes proc\u00e9dures engag\u00e9es en justice par un tiers l\u00e9s\u00e9 \u00e0 l\u2019encontre du site devront \u00eatre prises en charge par l\u2019Utilisateur.<\/p><p>La suppression ou la modification par le site du contenu de l\u2019Utilisateur peut s\u2019effectuer \u00e0 tout moment, pour n\u2019importe quelle raison et sans pr\u00e9avis.<\/p><p>\u00a0<\/p><p><b style=\"font-family: inherit; font-size: 1.25rem;\">Article 10 : Dur\u00e9e du contrat<\/b><\/p><p>Le pr\u00e9sent contrat est valable pour une dur\u00e9e ind\u00e9termin\u00e9e. Le d\u00e9but de l\u2019utilisation des services du site marque l\u2019application du contrat \u00e0 l\u2019\u00e9gard de l\u2019Utilisateur.<\/p><p>\u00a0<\/p><p><b style=\"font-family: inherit; font-size: 1.25rem;\">Article 11 : Droit applicable et juridiction comp\u00e9tente<\/b><\/p><p>Le pr\u00e9sent contrat est soumis \u00e0 la l\u00e9gislation fran\u00e7aise. L\u2019absence de r\u00e9solution \u00e0 l\u2019amiable des cas de litige entre les parties implique le recours aux tribunaux fran\u00e7ais comp\u00e9tents pour r\u00e9gler le contentieux.<\/p>\t\t\t\t\t\t<\/div>\n\t\t\t\t<\/div>\n\t\t\t\t\t<\/div>\n\t\t<\/div>\n\t\t\t\t\t\t\t<\/div>\n\t\t<\/section>\n\t\t\t\t\t\t\t<\/div>\n\t\t","protected":false},"excerpt":{"rendered":"<p>CGU des Stroops Conditions G\u00e9n\u00e9rales d&rsquo;utilisation\u00a0www.lafrenchstroop.fr \u00a0 Article 1 : Objet Les pr\u00e9sentes CGU ou Conditions G\u00e9n\u00e9rales d\u2019Utilisation encadrent juridiquement l\u2019utilisation des services du site www.lafrenchstroop.fr (ci-apr\u00e8s d\u00e9nomm\u00e9 \u00ab le site \u00bb).Constituant le contrat entre la soci\u00e9t\u00e9 LA FRENCH STROOP, l\u2019Utilisateur, l\u2019acc\u00e8s au site doit \u00eatre pr\u00e9c\u00e9d\u00e9 de l\u2019acceptation de ces CGU. L\u2019acc\u00e8s \u00e0 cette [&hellip;]<\/p>\n","protected":false},"author":1,"featured_media":0,"parent":0,"menu_order":0,"comment_status":"closed","ping_status":"closed","template":"","meta":{"inline_featured_image":false},"yoast_head":"<!-- This site is optimized with the Yoast SEO plugin v20.10 - https:\/\/yoast.com\/wordpress\/plugins\/seo\/ -->\n<title>Conditions generales d\u2019utilisation - La French Stroop<\/title>\n<meta name=\"robots\" content=\"index, follow, max-snippet:-1, max-image-preview:large, max-video-preview:-1\" \/>\n<link rel=\"canonical\" href=\"https:\/\/lafrenchstroop.fr\/index.php\/conditions-generales-dutilisation\/\" \/>\n<meta property=\"og:locale\" content=\"fr_FR\" \/>\n<meta property=\"og:type\" content=\"article\" \/>\n<meta property=\"og:title\" content=\"Conditions generales d\u2019utilisation - La French Stroop\" \/>\n<meta property=\"og:description\" content=\"CGU des Stroops Conditions G\u00e9n\u00e9rales d&rsquo;utilisation\u00a0www.lafrenchstroop.fr \u00a0 Article 1 : Objet Les pr\u00e9sentes CGU ou Conditions G\u00e9n\u00e9rales d\u2019Utilisation encadrent juridiquement l\u2019utilisation des services du site www.lafrenchstroop.fr (ci-apr\u00e8s d\u00e9nomm\u00e9 \u00ab le site \u00bb).Constituant le contrat entre la soci\u00e9t\u00e9 LA FRENCH STROOP, l\u2019Utilisateur, l\u2019acc\u00e8s au site doit \u00eatre pr\u00e9c\u00e9d\u00e9 de l\u2019acceptation de ces CGU. L\u2019acc\u00e8s \u00e0 cette [&hellip;]\" \/>\n<meta property=\"og:url\" content=\"https:\/\/lafrenchstroop.fr\/index.php\/conditions-generales-dutilisation\/\" \/>\n<meta property=\"og:site_name\" content=\"La French Stroop\" \/>\n<meta property=\"article:modified_time\" content=\"2023-09-20T07:47:02+00:00\" \/>\n<meta name=\"twitter:card\" content=\"summary_large_image\" \/>\n<meta name=\"twitter:label1\" content=\"Dur\u00e9e de lecture estim\u00e9e\" \/>\n\t<meta name=\"twitter:data1\" content=\"6 minutes\" \/>\n<script type=\"application\/ld+json\" class=\"yoast-schema-graph\">{\"@context\":\"https:\/\/schema.org\",\"@graph\":[{\"@type\":\"WebPage\",\"@id\":\"https:\/\/lafrenchstroop.fr\/index.php\/conditions-generales-dutilisation\/\",\"url\":\"https:\/\/lafrenchstroop.fr\/index.php\/conditions-generales-dutilisation\/\",\"name\":\"Conditions generales d\u2019utilisation - La French Stroop\",\"isPartOf\":{\"@id\":\"https:\/\/lafrenchstroop.fr\/#website\"},\"datePublished\":\"2023-09-20T07:26:57+00:00\",\"dateModified\":\"2023-09-20T07:47:02+00:00\",\"breadcrumb\":{\"@id\":\"https:\/\/lafrenchstroop.fr\/index.php\/conditions-generales-dutilisation\/#breadcrumb\"},\"inLanguage\":\"fr-FR\",\"potentialAction\":[{\"@type\":\"ReadAction\",\"target\":[\"https:\/\/lafrenchstroop.fr\/index.php\/conditions-generales-dutilisation\/\"]}]},{\"@type\":\"BreadcrumbList\",\"@id\":\"https:\/\/lafrenchstroop.fr\/index.php\/conditions-generales-dutilisation\/#breadcrumb\",\"itemListElement\":[{\"@type\":\"ListItem\",\"position\":1,\"name\":\"Accueil\",\"item\":\"https:\/\/lafrenchstroop.fr\/\"},{\"@type\":\"ListItem\",\"position\":2,\"name\":\"Conditions generales d\u2019utilisation\"}]},{\"@type\":\"WebSite\",\"@id\":\"https:\/\/lafrenchstroop.fr\/#website\",\"url\":\"https:\/\/lafrenchstroop.fr\/\",\"name\":\"La French Stroop\",\"description\":\"La Gaufre 100% Artisanale\",\"publisher\":{\"@id\":\"https:\/\/lafrenchstroop.fr\/#organization\"},\"potentialAction\":[{\"@type\":\"SearchAction\",\"target\":{\"@type\":\"EntryPoint\",\"urlTemplate\":\"https:\/\/lafrenchstroop.fr\/?s={search_term_string}\"},\"query-input\":\"required name=search_term_string\"}],\"inLanguage\":\"fr-FR\"},{\"@type\":\"Organization\",\"@id\":\"https:\/\/lafrenchstroop.fr\/#organization\",\"name\":\"La French Stroop\",\"url\":\"https:\/\/lafrenchstroop.fr\/\",\"logo\":{\"@type\":\"ImageObject\",\"inLanguage\":\"fr-FR\",\"@id\":\"https:\/\/lafrenchstroop.fr\/#\/schema\/logo\/image\/\",\"url\":\"https:\/\/lafrenchstroop.fr\/wp-content\/uploads\/2023\/05\/Fichier-1LFS-1.png\",\"contentUrl\":\"https:\/\/lafrenchstroop.fr\/wp-content\/uploads\/2023\/05\/Fichier-1LFS-1.png\",\"width\":1500,\"height\":561,\"caption\":\"La French Stroop\"},\"image\":{\"@id\":\"https:\/\/lafrenchstroop.fr\/#\/schema\/logo\/image\/\"}}]}<\/script>\n<!-- \/ Yoast SEO plugin. -->","yoast_head_json":{"title":"Conditions generales d\u2019utilisation - La French Stroop","robots":{"index":"index","follow":"follow","max-snippet":"max-snippet:-1","max-image-preview":"max-image-preview:large","max-video-preview":"max-video-preview:-1"},"canonical":"https:\/\/lafrenchstroop.fr\/index.php\/conditions-generales-dutilisation\/","og_locale":"fr_FR","og_type":"article","og_title":"Conditions generales d\u2019utilisation - La French Stroop","og_description":"CGU des Stroops Conditions G\u00e9n\u00e9rales d&rsquo;utilisation\u00a0www.lafrenchstroop.fr \u00a0 Article 1 : Objet Les pr\u00e9sentes CGU ou Conditions G\u00e9n\u00e9rales d\u2019Utilisation encadrent juridiquement l\u2019utilisation des services du site www.lafrenchstroop.fr (ci-apr\u00e8s d\u00e9nomm\u00e9 \u00ab le site \u00bb).Constituant le contrat entre la soci\u00e9t\u00e9 LA FRENCH STROOP, l\u2019Utilisateur, l\u2019acc\u00e8s au site doit \u00eatre pr\u00e9c\u00e9d\u00e9 de l\u2019acceptation de ces CGU. L\u2019acc\u00e8s \u00e0 cette [&hellip;]","og_url":"https:\/\/lafrenchstroop.fr\/index.php\/conditions-generales-dutilisation\/","og_site_name":"La French Stroop","article_modified_time":"2023-09-20T07:47:02+00:00","twitter_card":"summary_large_image","twitter_misc":{"Dur\u00e9e de lecture estim\u00e9e":"6 minutes"},"schema":{"@context":"https:\/\/schema.org","@graph":[{"@type":"WebPage","@id":"https:\/\/lafrenchstroop.fr\/index.php\/conditions-generales-dutilisation\/","url":"https:\/\/lafrenchstroop.fr\/index.php\/conditions-generales-dutilisation\/","name":"Conditions generales d\u2019utilisation - La French Stroop","isPartOf":{"@id":"https:\/\/lafrenchstroop.fr\/#website"},"datePublished":"2023-09-20T07:26:57+00:00","dateModified":"2023-09-20T07:47:02+00:00","breadcrumb":{"@id":"https:\/\/lafrenchstroop.fr\/index.php\/conditions-generales-dutilisation\/#breadcrumb"},"inLanguage":"fr-FR","potentialAction":[{"@type":"ReadAction","target":["https:\/\/lafrenchstroop.fr\/index.php\/conditions-generales-dutilisation\/"]}]},{"@type":"BreadcrumbList","@id":"https:\/\/lafrenchstroop.fr\/index.php\/conditions-generales-dutilisation\/#breadcrumb","itemListElement":[{"@type":"ListItem","position":1,"name":"Accueil","item":"https:\/\/lafrenchstroop.fr\/"},{"@type":"ListItem","position":2,"name":"Conditions generales d\u2019utilisation"}]},{"@type":"WebSite","@id":"https:\/\/lafrenchstroop.fr\/#website","url":"https:\/\/lafrenchstroop.fr\/","name":"La French Stroop","description":"La Gaufre 100% Artisanale","publisher":{"@id":"https:\/\/lafrenchstroop.fr\/#organization"},"potentialAction":[{"@type":"SearchAction","target":{"@type":"EntryPoint","urlTemplate":"https:\/\/lafrenchstroop.fr\/?s={search_term_string}"},"query-input":"required name=search_term_string"}],"inLanguage":"fr-FR"},{"@type":"Organization","@id":"https:\/\/lafrenchstroop.fr\/#organization","name":"La French Stroop","url":"https:\/\/lafrenchstroop.fr\/","logo":{"@type":"ImageObject","inLanguage":"fr-FR","@id":"https:\/\/lafrenchstroop.fr\/#\/schema\/logo\/image\/","url":"https:\/\/lafrenchstroop.fr\/wp-content\/uploads\/2023\/05\/Fichier-1LFS-1.png","contentUrl":"https:\/\/lafrenchstroop.fr\/wp-content\/uploads\/2023\/05\/Fichier-1LFS-1.png","width":1500,"height":561,"caption":"La French Stroop"},"image":{"@id":"https:\/\/lafrenchstroop.fr\/#\/schema\/logo\/image\/"}}]}},"_links":{"self":[{"href":"https:\/\/lafrenchstroop.fr\/index.php\/wp-json\/wp\/v2\/pages\/545"}],"collection":[{"href":"https:\/\/lafrenchstroop.fr\/index.php\/wp-json\/wp\/v2\/pages"}],"about":[{"href":"https:\/\/lafrenchstroop.fr\/index.php\/wp-json\/wp\/v2\/types\/page"}],"author":[{"embeddable":true,"href":"https:\/\/lafrenchstroop.fr\/index.php\/wp-json\/wp\/v2\/users\/1"}],"replies":[{"embeddable":true,"href":"https:\/\/lafrenchstroop.fr\/index.php\/wp-json\/wp\/v2\/comments?post=545"}],"version-history":[{"count":16,"href":"https:\/\/lafrenchstroop.fr\/index.php\/wp-json\/wp\/v2\/pages\/545\/revisions"}],"predecessor-version":[{"id":566,"href":"https:\/\/lafrenchstroop.fr\/index.php\/wp-json\/wp\/v2\/pages\/545\/revisions\/566"}],"wp:attachment":[{"href":"https:\/\/lafrenchstroop.fr\/index.php\/wp-json\/wp\/v2\/media?parent=545"}],"curies":[{"name":"wp","href":"https:\/\/api.w.org\/{rel}","templated":true}]}}